{"id":35,"date":"2026-01-12T16:55:46","date_gmt":"2026-01-12T16:55:46","guid":{"rendered":"https:\/\/avec-vous-lampaul-autrement.org\/?page_id=35"},"modified":"2026-02-09T16:59:06","modified_gmt":"2026-02-09T16:59:06","slug":"contact","status":"publish","type":"page","link":"https:\/\/avec-vous-lampaul-autrement.org\/index.php\/contact\/","title":{"rendered":"Contact"},"content":{"rendered":"\n<p>Vous avez une id\u00e9e, une remarque, une question ?<\/p>\n\n\n\n<p>N&rsquo;h\u00e9sitez pas \u00e0 solliciter un membre de notre liste ou \u00e0 nous contacter directement par mail \u00e0 l&rsquo;adresse suivante : <a href=\"mailto:contact@avec-vous-lampaul-autrement.org\" data-type=\"link\" data-id=\"contact@avec-vous-lampaul-autrement.org\">contact@avec-vous-lampaul-autrement.org <\/a><\/p>\n\n\n\n<p>Vous pouvez suivre l&rsquo;actualit\u00e9 de notre liste sur <a href=\"https:\/\/www.facebook.com\/profile.php?id=61582517443426\">Facebook<\/a> et <a href=\"https:\/\/www.instagram.com\/avec.vous.lampaul.autrement\/\">Instagram<\/a>.<\/p>\n","protected":false},"excerpt":{"rendered":"<p>Vous avez une id\u00e9e, une remarque, une question ? N&rsquo;h\u00e9sitez pas \u00e0 solliciter un membre de notre liste ou \u00e0 nous contacter directement par mail \u00e0 l&rsquo;adresse suivante : contact@avec-vous-lampaul-autrement.org Vous pouvez suivre l&rsquo;actualit\u00e9&#46;&#46;&#46;<\/p>\n","protected":false},"author":2,"featured_media":0,"parent":0,"menu_order":0,"comment_status":"closed","ping_status":"closed","template":"","meta":{"footnotes":""},"class_list":["post-35","page","type-page","status-publish","hentry"],"_links":{"self":[{"href":"https:\/\/avec-vous-lampaul-autrement.org\/index.php\/wp-json\/wp\/v2\/pages\/35","targetHints":{"allow":["GET"]}}],"collection":[{"href":"https:\/\/avec-vous-lampaul-autrement.org\/index.php\/wp-json\/wp\/v2\/pages"}],"about":[{"href":"https:\/\/avec-vous-lampaul-autrement.org\/index.php\/wp-json\/wp\/v2\/types\/page"}],"author":[{"embeddable":true,"href":"https:\/\/avec-vous-lampaul-autrement.org\/index.php\/wp-json\/wp\/v2\/users\/2"}],"replies":[{"embeddable":true,"href":"https:\/\/avec-vous-lampaul-autrement.org\/index.php\/wp-json\/wp\/v2\/comments?post=35"}],"version-history":[{"count":4,"href":"https:\/\/avec-vous-lampaul-autrement.org\/index.php\/wp-json\/wp\/v2\/pages\/35\/revisions"}],"predecessor-version":[{"id":250,"href":"https:\/\/avec-vous-lampaul-autrement.org\/index.php\/wp-json\/wp\/v2\/pages\/35\/revisions\/250"}],"wp:attachment":[{"href":"https:\/\/avec-vous-lampaul-autrement.org\/index.php\/wp-json\/wp\/v2\/media?parent=35"}],"curies":[{"name":"wp","href":"https:\/\/api.w.org\/{rel}","templated":true}]}}